{"id":49,"date":"2023-02-24T09:23:43","date_gmt":"2023-02-24T08:23:43","guid":{"rendered":"http:\/\/www.demick-ingrid.com\/?page_id=49"},"modified":"2023-03-23T16:08:40","modified_gmt":"2023-03-23T15:08:40","slug":"pour-quelles-situations-cliniques","status":"publish","type":"page","link":"https:\/\/www.demick-ingrid.com\/index.php\/pour-quelles-situations-cliniques\/","title":{"rendered":"Pour quelles situations cliniques"},"content":{"rendered":"<div class=\"wp-block-image\">\n<figure class=\"aligncenter size-full is-resized\"><img loading=\"lazy\" decoding=\"async\" src=\"http:\/\/www.demick-ingrid.com\/wp-content\/uploads\/2023\/02\/cid_47B32451-01D7-4E5B-8C16-02464C24E865.jpg\" alt=\"\" class=\"wp-image-59\" width=\"194\" height=\"259\" srcset=\"https:\/\/www.demick-ingrid.com\/wp-content\/uploads\/2023\/02\/cid_47B32451-01D7-4E5B-8C16-02464C24E865.jpg 240w, https:\/\/www.demick-ingrid.com\/wp-content\/uploads\/2023\/02\/cid_47B32451-01D7-4E5B-8C16-02464C24E865-225x300.jpg 225w\" sizes=\"auto, (max-width: 194px) 100vw, 194px\" \/><\/figure>\n<\/div>\n\n\n<p class=\"has-text-align-center\"> Stress Post-Traumatiques<\/p>\n\n\n\n<p class=\"has-text-align-center\">Douleurs psycho-somatiques et chroniques<\/p>\n\n\n\n<p class=\"has-text-align-center\">Suivi Psychologique des Traitements M\u00e9dicaux<\/p>\n\n\n\n<p class=\"has-text-align-center\">Phobies , Burn-Out , D\u00e9pression<\/p>\n\n\n\n<p class=\"has-text-align-center\">P\u00e9riodes de Deuil<\/p>\n\n\n\n<p class=\"has-text-align-center\">Probl\u00e9matiques de couple<\/p>\n\n\n\n<p class=\"has-text-align-center\">Probl\u00e9matiques de d\u00e9pendances<\/p>\n\n\n\n<p class=\"has-text-align-center\">Probl\u00e9matiques d\u2019apprentissage scolaire<\/p>\n\n\n\n<p class=\"has-text-align-center\"><\/p>\n\n\n\n<p><\/p>\n\n\n\n<p class=\"has-text-align-center\">&nbsp;&nbsp;&nbsp;&nbsp;&nbsp;&nbsp; \u00ab&nbsp; <strong>Soyez ce que vous avez toujours \u00e9t\u00e9<\/strong> \u00ab&nbsp;&nbsp;&nbsp;<\/p>\n\n\n\n<p class=\"has-text-align-center\">\u00a0\u00a0\u00a0\u00a0\u00a0\u00a0<strong>Carl Gustav JUNG<\/strong><\/p>\n","protected":false},"excerpt":{"rendered":"<p>Stress Post-Traumatiques Douleurs psycho-somatiques et chroniques Suivi Psychologique des Traitements M\u00e9dicaux Phobies , Burn-Out , D\u00e9pression P\u00e9riodes de Deuil Probl\u00e9matiques de couple Probl\u00e9matiques de d\u00e9pendances Probl\u00e9matiques d\u2019apprentissage scolaire &nbsp;&nbsp;&nbsp;&nbsp;&nbsp;&nbsp; \u00ab&nbsp; Soyez ce que vous avez toujours \u00e9t\u00e9 \u00ab&nbsp;&nbsp;&nbsp; \u00a0\u00a0\u00a0\u00a0\u00a0\u00a0Carl Gustav JUNG<\/p>\n","protected":false},"author":1,"featured_media":0,"parent":0,"menu_order":0,"comment_status":"closed","ping_status":"closed","template":"","meta":{"footnotes":""},"class_list":["post-49","page","type-page","status-publish","hentry"],"_links":{"self":[{"href":"https:\/\/www.demick-ingrid.com\/index.php\/wp-json\/wp\/v2\/pages\/49","targetHints":{"allow":["GET"]}}],"collection":[{"href":"https:\/\/www.demick-ingrid.com\/index.php\/wp-json\/wp\/v2\/pages"}],"about":[{"href":"https:\/\/www.demick-ingrid.com\/index.php\/wp-json\/wp\/v2\/types\/page"}],"author":[{"embeddable":true,"href":"https:\/\/www.demick-ingrid.com\/index.php\/wp-json\/wp\/v2\/users\/1"}],"replies":[{"embeddable":true,"href":"https:\/\/www.demick-ingrid.com\/index.php\/wp-json\/wp\/v2\/comments?post=49"}],"version-history":[{"count":6,"href":"https:\/\/www.demick-ingrid.com\/index.php\/wp-json\/wp\/v2\/pages\/49\/revisions"}],"predecessor-version":[{"id":87,"href":"https:\/\/www.demick-ingrid.com\/index.php\/wp-json\/wp\/v2\/pages\/49\/revisions\/87"}],"wp:attachment":[{"href":"https:\/\/www.demick-ingrid.com\/index.php\/wp-json\/wp\/v2\/media?parent=49"}],"curies":[{"name":"wp","href":"https:\/\/api.w.org\/{rel}","templated":true}]}}