{"id":47,"date":"2023-02-24T09:23:07","date_gmt":"2023-02-24T08:23:07","guid":{"rendered":"http:\/\/www.demick-ingrid.com\/?page_id=47"},"modified":"2023-03-23T16:04:12","modified_gmt":"2023-03-23T15:04:12","slug":"aupres-de-qui","status":"publish","type":"page","link":"https:\/\/www.demick-ingrid.com\/index.php\/aupres-de-qui\/","title":{"rendered":"Aupr\u00e8s de qui"},"content":{"rendered":"<div class=\"wp-block-image\">\n<figure class=\"aligncenter size-full is-resized\"><img loading=\"lazy\" decoding=\"async\" src=\"http:\/\/www.demick-ingrid.com\/wp-content\/uploads\/2023\/02\/cid_23C0F07D-3A8B-4A61-AE92-FC9B04855EE82.jpg\" alt=\"\" class=\"wp-image-57\" width=\"218\" height=\"164\" srcset=\"https:\/\/www.demick-ingrid.com\/wp-content\/uploads\/2023\/02\/cid_23C0F07D-3A8B-4A61-AE92-FC9B04855EE82.jpg 320w, https:\/\/www.demick-ingrid.com\/wp-content\/uploads\/2023\/02\/cid_23C0F07D-3A8B-4A61-AE92-FC9B04855EE82-300x225.jpg 300w\" sizes=\"auto, (max-width: 218px) 100vw, 218px\" \/><\/figure>\n<\/div>\n\n\n<p class=\"has-text-align-center\">Enfants , adultes , personnes \u00e2g\u00e9es<\/p>\n\n\n\n<p class=\"has-text-align-center\">Consultations individuelles<\/p>\n\n\n\n<p class=\"has-text-align-center\">\u00c0 mon cabinet , en vid\u00e9o-consultation<\/p>\n\n\n\n<p><\/p>\n\n\n\n<p><\/p>\n\n\n\n<p class=\"has-text-align-center\">\u00ab&nbsp; <strong>Ce que l\u2019on sait de quelqu\u2019un emp\u00eache de le conna\u00eetre<\/strong> \u00ab&nbsp;<\/p>\n\n\n\n<p class=\"has-text-align-center\">&nbsp;&nbsp;&nbsp;&nbsp;<strong>&nbsp;&nbsp; Christian BOBIN<\/strong><\/p>\n","protected":false},"excerpt":{"rendered":"<p>Enfants , adultes , personnes \u00e2g\u00e9es Consultations individuelles \u00c0 mon cabinet , en vid\u00e9o-consultation \u00ab&nbsp; Ce que l\u2019on sait de quelqu\u2019un emp\u00eache de le conna\u00eetre \u00ab&nbsp; &nbsp;&nbsp;&nbsp;&nbsp;&nbsp;&nbsp; Christian BOBIN<\/p>\n","protected":false},"author":1,"featured_media":0,"parent":0,"menu_order":0,"comment_status":"closed","ping_status":"closed","template":"","meta":{"footnotes":""},"class_list":["post-47","page","type-page","status-publish","hentry"],"_links":{"self":[{"href":"https:\/\/www.demick-ingrid.com\/index.php\/wp-json\/wp\/v2\/pages\/47","targetHints":{"allow":["GET"]}}],"collection":[{"href":"https:\/\/www.demick-ingrid.com\/index.php\/wp-json\/wp\/v2\/pages"}],"about":[{"href":"https:\/\/www.demick-ingrid.com\/index.php\/wp-json\/wp\/v2\/types\/page"}],"author":[{"embeddable":true,"href":"https:\/\/www.demick-ingrid.com\/index.php\/wp-json\/wp\/v2\/users\/1"}],"replies":[{"embeddable":true,"href":"https:\/\/www.demick-ingrid.com\/index.php\/wp-json\/wp\/v2\/comments?post=47"}],"version-history":[{"count":5,"href":"https:\/\/www.demick-ingrid.com\/index.php\/wp-json\/wp\/v2\/pages\/47\/revisions"}],"predecessor-version":[{"id":84,"href":"https:\/\/www.demick-ingrid.com\/index.php\/wp-json\/wp\/v2\/pages\/47\/revisions\/84"}],"wp:attachment":[{"href":"https:\/\/www.demick-ingrid.com\/index.php\/wp-json\/wp\/v2\/media?parent=47"}],"curies":[{"name":"wp","href":"https:\/\/api.w.org\/{rel}","templated":true}]}}