{"id":45,"date":"2023-02-24T09:22:46","date_gmt":"2023-02-24T08:22:46","guid":{"rendered":"http:\/\/www.demick-ingrid.com\/?page_id=45"},"modified":"2023-03-23T16:02:41","modified_gmt":"2023-03-23T15:02:41","slug":"qui-suis-je","status":"publish","type":"page","link":"https:\/\/www.demick-ingrid.com\/index.php\/qui-suis-je\/","title":{"rendered":"Qui suis-je"},"content":{"rendered":"<div class=\"wp-block-image\">\n<figure class=\"alignright size-full is-resized\"><img loading=\"lazy\" decoding=\"async\" src=\"http:\/\/www.demick-ingrid.com\/wp-content\/uploads\/2023\/02\/cid_E197DCAE-2BF6-4DB8-9BB6-4BDAE4C2693E.jpg\" alt=\"\" class=\"wp-image-54\" width=\"136\" height=\"218\" srcset=\"https:\/\/www.demick-ingrid.com\/wp-content\/uploads\/2023\/02\/cid_E197DCAE-2BF6-4DB8-9BB6-4BDAE4C2693E.jpg 200w, https:\/\/www.demick-ingrid.com\/wp-content\/uploads\/2023\/02\/cid_E197DCAE-2BF6-4DB8-9BB6-4BDAE4C2693E-188x300.jpg 188w\" sizes=\"auto, (max-width: 136px) 100vw, 136px\" \/><\/figure>\n<\/div>\n\n\n<p>Apr\u00e8s une \u00c9cole d\u2019Ing\u00e9nieurs \u00e0 Paris , j\u2019ai effectu\u00e9 un cursus universitaire \u00e0 la Facult\u00e9 de Psychologie de&nbsp; Toulouse et je me suis int\u00e9ress\u00e9e \u00e0 plusieurs approches du soin psychologique en faisant des recherches en neurosciences , en psychotraumatologie et en psychanalyse .Ces diff\u00e9rents temps de formation effectu\u00e9s \u00e0 Paris et \u00e0 Bruxelles ont accompagn\u00e9 mon travail de psychologue clinicienne et de psychoth\u00e9rapeute .Depuis 35 ans , j\u2019exerce en milieu hospitalier , aupr\u00e8s de diff\u00e9rentes associations et en cabinet lib\u00e9ral .<\/p>\n\n\n\n<p><\/p>\n\n\n\n<hr class=\"wp-block-separator has-alpha-channel-opacity\"\/>\n\n\n\n<p class=\"has-text-align-center\"><strong>\u00ab\u00a0 Nous nous rencontrons maintes et maintes fois sous mille d\u00e9guisements sur les chemins de la vie\u00a0\u00a0 <\/strong>><\/p>\n\n\n\n<p class=\"has-text-align-center\"><strong>Carl Gustav JUNG\u00a0<\/strong><\/p>\n\n\n\n<p class=\"has-text-align-center\">\u00a0\u00a0\u00a0<\/p>\n","protected":false},"excerpt":{"rendered":"<p>Apr\u00e8s une \u00c9cole d\u2019Ing\u00e9nieurs \u00e0 Paris , j\u2019ai effectu\u00e9 un cursus universitaire \u00e0 la Facult\u00e9 de Psychologie de&nbsp; Toulouse et je me suis int\u00e9ress\u00e9e \u00e0 plusieurs approches du soin psychologique en faisant des recherches en neurosciences , en psychotraumatologie et en psychanalyse .Ces diff\u00e9rents temps de formation effectu\u00e9s \u00e0 Paris et \u00e0 Bruxelles ont accompagn\u00e9 &hellip; <\/p>\n<p class=\"link-more\"><a href=\"https:\/\/www.demick-ingrid.com\/index.php\/qui-suis-je\/\" class=\"more-link\">Continue reading<span class=\"screen-reader-text\"> &#8220;Qui suis-je&#8221;<\/span><\/a><\/p>\n","protected":false},"author":1,"featured_media":0,"parent":0,"menu_order":0,"comment_status":"closed","ping_status":"closed","template":"","meta":{"footnotes":""},"class_list":["post-45","page","type-page","status-publish","hentry"],"_links":{"self":[{"href":"https:\/\/www.demick-ingrid.com\/index.php\/wp-json\/wp\/v2\/pages\/45","targetHints":{"allow":["GET"]}}],"collection":[{"href":"https:\/\/www.demick-ingrid.com\/index.php\/wp-json\/wp\/v2\/pages"}],"about":[{"href":"https:\/\/www.demick-ingrid.com\/index.php\/wp-json\/wp\/v2\/types\/page"}],"author":[{"embeddable":true,"href":"https:\/\/www.demick-ingrid.com\/index.php\/wp-json\/wp\/v2\/users\/1"}],"replies":[{"embeddable":true,"href":"https:\/\/www.demick-ingrid.com\/index.php\/wp-json\/wp\/v2\/comments?post=45"}],"version-history":[{"count":10,"href":"https:\/\/www.demick-ingrid.com\/index.php\/wp-json\/wp\/v2\/pages\/45\/revisions"}],"predecessor-version":[{"id":82,"href":"https:\/\/www.demick-ingrid.com\/index.php\/wp-json\/wp\/v2\/pages\/45\/revisions\/82"}],"wp:attachment":[{"href":"https:\/\/www.demick-ingrid.com\/index.php\/wp-json\/wp\/v2\/media?parent=45"}],"curies":[{"name":"wp","href":"https:\/\/api.w.org\/{rel}","templated":true}]}}